{"id":43019,"date":"2021-07-07T22:03:21","date_gmt":"2021-07-07T14:03:21","guid":{"rendered":"https:\/\/errbadmintonrestring.my\/prokennex-badminton-overgrip\/"},"modified":"2023-11-01T12:15:20","modified_gmt":"2023-11-01T04:15:20","slug":"prokennex-badminton-overgrip","status":"publish","type":"page","link":"https:\/\/errbadmintonrestring.my\/zh-hans\/prokennex-badminton-overgrip\/","title":{"rendered":"Prokennex \u8584\u6b3e\u624b\u80f6"},"content":{"rendered":"<div class=\"gb-container gb-container-097d555a\"><div class=\"gb-inside-container\">\n<div class=\"gb-grid-wrapper gb-grid-wrapper-a83ea675\">\n<div class=\"gb-grid-column gb-grid-column-741fdfc0\"><div class=\"gb-container gb-container-741fdfc0 hide\"><div class=\"gb-inside-container\">\n\n<figure class=\"gb-block-image gb-block-image-63b2fc1b\"><img decoding=\"async\" width=\"388\" height=\"456\" class=\"gb-image gb-image-63b2fc1b\" src=\"https:\/\/errbadmintonrestring.my\/wp-content\/uploads\/2023\/02\/Badminton-String-Review.png\" alt=\"Prokennex \u7fbd\u6bdb\u7403\u62cd\u8584\u6b3e\u624b\u80f6 T903 \u5728\u65b0\u52a0\u5761\u7684\u4e13\u4e1a\u7a7f\u7ebf\u670d\u52a1\u8bc4\u6d4b \u8ba4\u8bc1\u7a7f\u7ebf\u5e08 ERR \u7403\u62cd\u91cd\u65b0\u7a7f\u7ebf 2024\" title=\"Prokennex \u7fbd\u6bdb\u7403\u62cd\u8584\u6b3e\u624b\u80f6 T903 \u5728\u65b0\u52a0\u5761\u7684\u4e13\u4e1a\u7a7f\u7ebf\u670d\u52a1\u8bc4\u6d4b \u8ba4\u8bc1\u7a7f\u7ebf\u5e08 ERR \u7403\u62cd\u91cd\u65b0\u7a7f\u7ebf 2024\" srcset=\"https:\/\/errbadmintonrestring.my\/wp-content\/uploads\/2023\/02\/Badminton-String-Review.png 388w, https:\/\/errbadmintonrestring.my\/wp-content\/uploads\/2023\/02\/Badminton-String-Review-255x300.png 255w\" sizes=\"(max-width: 388px) 100vw, 388px\" \/><\/figure>\n\n<\/div><\/div><\/div>\n\n<div class=\"gb-grid-column gb-grid-column-190007bf\"><div class=\"gb-container gb-container-190007bf\"><div class=\"gb-inside-container\">\n\n<h1 class=\"gb-headline gb-headline-3b9dd504 gb-headline-text\"><span class=\"ez-toc-section\" id=\"Prokennex_T903%E8%96%84%E6%AC%BE%E7%BE%BD%E6%AF%9B%E7%90%83%E6%8B%8D%E6%89%8B%E8%83%B6%E5%90%89%E9%9A%86%E5%9D%A1KL\"><\/span><strong><mark style=\"background-color:rgba(0, 0, 0, 0)\" class=\"has-inline-color has-black-color\">Prokennex T903\u8584\u6b3e\u7fbd\u6bdb\u7403\u62cd\u624b\u80f6\u5409\u9686\u5761KL<\/mark><\/strong><span class=\"ez-toc-section-end\"><\/span><\/h1>\n\n\n\n<h5 class=\"gb-headline gb-headline-5c525765 gb-headline-text\"><mark style=\"background-color:rgba(0, 0, 0, 0)\" class=\"has-inline-color has-black-color\">\u7531 ERR \u4e13\u4e1a\u7fbd\u6bdb\u7403\u62cd\u7a7f\u7ebf<\/mark><\/h5>\n\n\n<nav aria-label=\"breadcrumbs\" class=\"rank-math-breadcrumb\"><p><span class=\"last\">Home<\/span><\/p><\/nav>\n\n\n\n<p class=\"gb-headline gb-headline-3d0b47d5 gb-headline-text\">ProKennex T903 \u7fbd\u6bdb\u7403\u624b\u80f6\u662f Prokennex USA \u51fa\u540d\u7684\u624b\u80f6\u4e4b\u4e00\u3002\u8fd9\u6b3e\u7fbd\u6bdb\u7403\u624b\u80f6\u9002\u5408\u559c\u6b22\u7ec6\u63e1\u4f46\u624b\u611f\u4e13\u4e1a\u7684\u7403\u5458\u3002<\/p>\n\n<\/div><\/div><\/div>\n<\/div>\n<\/div><\/div>\n\n<div class=\"gb-container gb-container-c65b0277\"><div class=\"gb-inside-container\">\n<div id=\"ez-toc-container\" class=\"ez-toc-v2_0_82_2 counter-hierarchy ez-toc-counter ez-toc-custom ez-toc-container-direction\">\n<div class=\"ez-toc-title-container\">\n<p class=\"ez-toc-title\" style=\"cursor:inherit\">Contents<\/p>\n<span class=\"ez-toc-title-toggle\"><a href=\"#\" class=\"ez-toc-pull-right ez-toc-btn ez-toc-btn-xs ez-toc-btn-default ez-toc-toggle\" aria-label=\"Toggle Table of Content\"><span class=\"ez-toc-js-icon-con\"><span class=\"\"><span class=\"eztoc-hide\" style=\"display:none;\">Toggle<\/span><span class=\"ez-toc-icon-toggle-span\"><svg style=\"fill: #000000;color:#000000\" xmlns=\"http:\/\/www.w3.org\/2000\/svg\" class=\"list-377408\" width=\"20px\" height=\"20px\" viewBox=\"0 0 24 24\" fill=\"none\"><path d=\"M6 6H4v2h2V6zm14 0H8v2h12V6zM4 11h2v2H4v-2zm16 0H8v2h12v-2zM4 16h2v2H4v-2zm16 0H8v2h12v-2z\" fill=\"currentColor\"><\/path><\/svg><svg style=\"fill: #000000;color:#000000\" class=\"arrow-unsorted-368013\" xmlns=\"http:\/\/www.w3.org\/2000\/svg\" width=\"10px\" height=\"10px\" viewBox=\"0 0 24 24\" version=\"1.2\" baseProfile=\"tiny\"><path d=\"M18.2 9.3l-6.2-6.3-6.2 6.3c-.2.2-.3.4-.3.7s.1.5.3.7c.2.2.4.3.7.3h11c.3 0 .5-.1.7-.3.2-.2.3-.5.3-.7s-.1-.5-.3-.7zM5.8 14.7l6.2 6.3 6.2-6.3c.2-.2.3-.5.3-.7s-.1-.5-.3-.7c-.2-.2-.4-.3-.7-.3h-11c-.3 0-.5.1-.7.3-.2.2-.3.5-.3.7s.1.5.3.7z\"\/><\/svg><\/span><\/span><\/span><\/a><\/span><\/div>\n<nav><ul class='ez-toc-list ez-toc-list-level-1 eztoc-toggle-hide-by-default' ><li class='ez-toc-page-1 ez-toc-heading-level-1'><a class=\"ez-toc-link ez-toc-heading-1\" href=\"https:\/\/errbadmintonrestring.my\/zh-hans\/prokennex-badminton-overgrip\/#Prokennex_T903%E8%96%84%E6%AC%BE%E7%BE%BD%E6%AF%9B%E7%90%83%E6%8B%8D%E6%89%8B%E8%83%B6%E5%90%89%E9%9A%86%E5%9D%A1KL\">Prokennex T903\u8584\u6b3e\u7fbd\u6bdb\u7403\u62cd\u624b\u80f6\u5409\u9686\u5761KL<\/a><ul class='ez-toc-list-level-2' ><li class='ez-toc-heading-level-2'><a class=\"ez-toc-link ez-toc-heading-2\" href=\"https:\/\/errbadmintonrestring.my\/zh-hans\/prokennex-badminton-overgrip\/#Prokennex_%E7%BE%BD%E6%AF%9B%E7%90%83%E8%96%84%E6%AC%BE%E6%89%8B%E8%83%B6_T903_%E7%94%B1_ERR_%E7%BE%BD%E6%AF%9B%E7%90%83%E7%A9%BF%E7%BA%BF%E5%90%89%E9%9A%86%E5%9D%A1KL%E5%8C%BA\">Prokennex \u7fbd\u6bdb\u7403\u8584\u6b3e\u624b\u80f6 T903 \u7531 ERR \u7fbd\u6bdb\u7403\u7a7f\u7ebf\u5409\u9686\u5761KL\u533a<\/a><\/li><li class='ez-toc-page-1 ez-toc-heading-level-2'><a class=\"ez-toc-link ez-toc-heading-3\" href=\"https:\/\/errbadmintonrestring.my\/zh-hans\/prokennex-badminton-overgrip\/#%E7%BE%BD%E6%AF%9B%E7%90%83%E8%96%84%E6%AC%BE%E6%89%8B%E8%83%B6%E6%96%B0%E5%B1%B1KL_Melati_Utama\">\u7fbd\u6bdb\u7403\u8584\u6b3e\u624b\u80f6\u65b0\u5c71KL Melati Utama<\/a><\/li><li class='ez-toc-page-1 ez-toc-heading-level-2'><a class=\"ez-toc-link ez-toc-heading-4\" href=\"https:\/\/errbadmintonrestring.my\/zh-hans\/prokennex-badminton-overgrip\/#ERR_%E7%BE%BD%E6%AF%9B%E7%90%83%E7%A9%BF%E7%BA%BF%E5%90%89%E9%9A%86%E5%9D%A1_KL_%E7%94%A8%E4%BA%8E%E7%BE%BD%E6%AF%9B%E7%90%83%E7%9A%84%E8%96%84%E6%AC%BE%E6%89%8B%E8%83%B6\">ERR \u7fbd\u6bdb\u7403\u7a7f\u7ebf\u5409\u9686\u5761 KL \u7528\u4e8e\u7fbd\u6bdb\u7403\u7684\u8584\u6b3e\u624b\u80f6<\/a><\/li><li class='ez-toc-page-1 ez-toc-heading-level-2'><a class=\"ez-toc-link ez-toc-heading-5\" href=\"https:\/\/errbadmintonrestring.my\/zh-hans\/prokennex-badminton-overgrip\/#Prokennex_Overgrip_T903_%E6%8F%8F%E8%BF%B0\">Prokennex Overgrip T903 \u63cf\u8ff0<\/a><\/li><li class='ez-toc-page-1 ez-toc-heading-level-2'><a class=\"ez-toc-link ez-toc-heading-6\" href=\"https:\/\/errbadmintonrestring.my\/zh-hans\/prokennex-badminton-overgrip\/#%E5%93%AA%E9%87%8C%E5%8F%AF%E4%BB%A5%E4%B9%B0%E5%88%B0%E7%BE%BD%E6%AF%9B%E7%90%83%E6%89%8B%E8%83%B6%EF%BC%9F\">\u54ea\u91cc\u53ef\u4ee5\u4e70\u5230\u7fbd\u6bdb\u7403\u624b\u80f6\uff1f<\/a><\/li><\/ul><\/li><\/ul><\/nav><\/div>\n\n\n\n<div class=\"gb-grid-wrapper gb-grid-wrapper-766d33ad\">\n<div class=\"gb-grid-column gb-grid-column-8ee01b48\"><div class=\"gb-container gb-container-8ee01b48\"><div class=\"gb-inside-container\">\n<div class=\"gb-container gb-container-ffbffbf3\"><div class=\"gb-inside-container\">\n\n<figure class=\"gb-block-image gb-block-image-5bf1095d\"><img decoding=\"async\" width=\"538\" height=\"538\" class=\"gb-image gb-image-5bf1095d\" src=\"https:\/\/errbadmintonrestring.my\/wp-content\/uploads\/2018\/08\/Pro-Kennex-Overgrip-badminton-Overgrip.jpg\" alt=\"ProKennex \u7fbd\u6bdb\u7403\u8584\u6b3e\u7403\u62cd\u7fbd\u6bdb\u7403\u624b\u80f6T903 \u4e13\u4e1a\u7a7f\u7ebf\u670d\u52a1\u8ba4\u8bc1\u7a7f\u7ebf\u5e08 ERR \u7403\u62cd\u91cd\u65b0\u7a7f\u7ebf 2024\" title=\"ProKennex \u7fbd\u6bdb\u7403\u8584\u6b3e\u7403\u62cd\u7fbd\u6bdb\u7403\u624b\u80f6T903 \u4e13\u4e1a\u7a7f\u7ebf\u670d\u52a1\u8ba4\u8bc1\u7a7f\u7ebf\u5e08 ERR \u7403\u62cd\u91cd\u65b0\u7a7f\u7ebf 2024\" srcset=\"https:\/\/errbadmintonrestring.my\/wp-content\/uploads\/2018\/08\/Pro-Kennex-Overgrip-badminton-Overgrip.jpg 538w, https:\/\/errbadmintonrestring.my\/wp-content\/uploads\/2018\/08\/Pro-Kennex-Overgrip-badminton-Overgrip-500x500.jpg 500w, https:\/\/errbadmintonrestring.my\/wp-content\/uploads\/2018\/08\/Pro-Kennex-Overgrip-badminton-Overgrip-100x100.jpg 100w, https:\/\/errbadmintonrestring.my\/wp-content\/uploads\/2018\/08\/Pro-Kennex-Overgrip-badminton-Overgrip-150x150.jpg 150w, https:\/\/errbadmintonrestring.my\/wp-content\/uploads\/2018\/08\/Pro-Kennex-Overgrip-badminton-Overgrip-300x300.jpg 300w\" sizes=\"(max-width: 538px) 100vw, 538px\" \/><\/figure>\n\n<\/div><\/div>\n<\/div><\/div><\/div>\n\n<div class=\"gb-grid-column gb-grid-column-18e64276\"><div class=\"gb-container gb-container-18e64276\"><div class=\"gb-inside-container\">\n\n<p><strong>\u6b22\u8fce\u6765\u5230<\/strong><\/p>\n\n\n\n<h2 class=\"gb-headline gb-headline-fa84807b gb-headline-text\"><span class=\"ez-toc-section\" id=\"Prokennex_%E7%BE%BD%E6%AF%9B%E7%90%83%E8%96%84%E6%AC%BE%E6%89%8B%E8%83%B6_T903_%E7%94%B1_ERR_%E7%BE%BD%E6%AF%9B%E7%90%83%E7%A9%BF%E7%BA%BF%E5%90%89%E9%9A%86%E5%9D%A1KL%E5%8C%BA\"><\/span><strong><strong><strong><strong><strong><strong><strong><strong><strong><strong>Prokennex \u7fbd\u6bdb\u7403\u8584\u6b3e\u624b\u80f6 T903 \u7531 ERR \u7fbd\u6bdb\u7403\u7a7f\u7ebf\u5409\u9686\u5761KL\u533a<\/strong><\/strong><\/strong><\/strong><\/strong><\/strong><\/strong><\/strong><\/strong><\/strong><span class=\"ez-toc-section-end\"><\/span><\/h2>\n\n\n\n<p>ProKennex \u7fbd\u6bdb\u7403\u8584\u6b3e\u624b\u80f6\u9002\u7528\u4e8e\u4e13\u4e1a\u7c7b\u578b\u7684\u7fbd\u6bdb\u7403\u8fd0\u52a8\u5458\u3002<\/p>\n\n\n\n<p>\u5168\u65b0\u6750\u8d28\u7684\u7fbd\u6bdb\u7403\u624b\u80f6\uff0c\u53ef\u4ee5\u5145\u5206\u4fdd\u969c\u60a8\u7684\u624b\u638c\u63a7\u5236\u5728\u60a8\u7684\u7fbd\u6bdb\u7403\u6bd4\u8d5b\u4e2d\u66f4\u597d\u7684\u6280\u5de7\u3002<\/p>\n\n\n\n<p>\u5927\u591a\u6570\u8f83\u9ad8\u7ea7\u522b\u7684\u7fbd\u6bdb\u7403\u8fd0\u52a8\u5458\u66f4\u559c\u6b22\u4f7f\u7528\u7c98\u6027\u624b\u80f6\uff0c\u56e0\u4e3a\u4ed6\u4eec\u901a\u5e38\u4e0d\u4f1a\u79fb\u9664\u539f\u59cb\u624b\u80f6\u4ee5\u4fdd\u6301\u539a\u5ea6\uff0c\u540c\u65f6\u5c06 ProKennex \u7c98\u6027\u624b\u80f6\u5305\u88f9\u5728\u8868\u9762\u4e0a\u3002<\/p>\n\n\n\n<p>\u4e00\u4e9b\u7403\u5458\u4e0d\u559c\u6b22\u8f83\u7c97\u7684\u624b\u80f6\uff0c\u56e0\u4e3a\u624b\u80f6\u7684\u5927\u5c0f\u4f1a\u8ba9\u4ed6\u4eec\u5728\u6e38\u620f\u4e2d\u96be\u4ee5\u63a7\u5236\u6280\u5de7\u3002<\/p>\n\n<\/div><\/div><\/div>\n<\/div>\n<\/div><\/div>\n\n<div class=\"gb-container gb-container-6515b5df\"><div class=\"gb-inside-container\">\n<div class=\"gb-grid-wrapper gb-grid-wrapper-b6415ec4\">\n<div class=\"gb-grid-column gb-grid-column-54c49d8a\"><div class=\"gb-container gb-container-54c49d8a\"><div class=\"gb-inside-container\">\n<div class=\"gb-container gb-container-065c72a3\"><div class=\"gb-inside-container\">\n\n<figure class=\"gb-block-image gb-block-image-4498b38b\"><img decoding=\"async\" width=\"538\" height=\"538\" class=\"gb-image gb-image-4498b38b\" src=\"https:\/\/errbadmintonrestring.my\/wp-content\/uploads\/2018\/08\/Badminton-Overgrip-Prokennex-Badminton-Grip-Tape-Singapore.jpg\" alt=\"\u7fbd\u6bdb\u7403\u8584\u6b3e\u624b\u80f6 Prokennex \u7fbd\u6bdb\u7403\u624b\u80f6\u5e26\u5409\u9686\u5761KL\u4e13\u4e1a\u7a7f\u7ebf\u670d\u52a1\u8ba4\u8bc1\u7a7f\u7ebf\u5e08 ERR \u7403\u62cd\u91cd\u65b0\u7a7f\u7ebf 2024\" title=\"\u7fbd\u6bdb\u7403\u8584\u6b3e\u624b\u80f6 Prokennex \u7fbd\u6bdb\u7403\u624b\u80f6\u5e26\u5409\u9686\u5761KL\u4e13\u4e1a\u7a7f\u7ebf\u670d\u52a1\u8ba4\u8bc1\u7a7f\u7ebf\u5e08 ERR \u7403\u62cd\u91cd\u65b0\u7a7f\u7ebf 2024\" srcset=\"https:\/\/errbadmintonrestring.my\/wp-content\/uploads\/2018\/08\/Badminton-Overgrip-Prokennex-Badminton-Grip-Tape-Singapore.jpg 538w, https:\/\/errbadmintonrestring.my\/wp-content\/uploads\/2018\/08\/Badminton-Overgrip-Prokennex-Badminton-Grip-Tape-Singapore-500x500.jpg 500w, https:\/\/errbadmintonrestring.my\/wp-content\/uploads\/2018\/08\/Badminton-Overgrip-Prokennex-Badminton-Grip-Tape-Singapore-100x100.jpg 100w, https:\/\/errbadmintonrestring.my\/wp-content\/uploads\/2018\/08\/Badminton-Overgrip-Prokennex-Badminton-Grip-Tape-Singapore-150x150.jpg 150w, https:\/\/errbadmintonrestring.my\/wp-content\/uploads\/2018\/08\/Badminton-Overgrip-Prokennex-Badminton-Grip-Tape-Singapore-300x300.jpg 300w\" sizes=\"(max-width: 538px) 100vw, 538px\" \/><\/figure>\n\n<\/div><\/div>\n<\/div><\/div><\/div>\n\n<div class=\"gb-grid-column gb-grid-column-f8958e04\"><div class=\"gb-container gb-container-f8958e04\"><div class=\"gb-inside-container\">\n\n<h2 class=\"gb-headline gb-headline-8d48bfd3 gb-headline-text\"><span class=\"ez-toc-section\" id=\"%E7%BE%BD%E6%AF%9B%E7%90%83%E8%96%84%E6%AC%BE%E6%89%8B%E8%83%B6%E6%96%B0%E5%B1%B1KL_Melati_Utama\"><\/span><strong><strong><strong><strong><strong><strong><strong><strong><strong><strong><strong><strong><strong><strong><strong><strong>\u7fbd\u6bdb\u7403\u8584\u6b3e\u624b\u80f6\u65b0\u5c71KL Melati Utama<\/strong><\/strong><\/strong><\/strong><\/strong><\/strong><\/strong><\/strong><\/strong><\/strong><\/strong><\/strong><\/strong><\/strong><\/strong><\/strong><span class=\"ez-toc-section-end\"><\/span><\/h2>\n\n\n\n<p>\u4f7f\u7528\u65b0\u6280\u672f Prokennex \u7fbd\u6bdb\u7403\u8fc7\u624b\u80f6\u5728\u5e72\u71e5\u5feb\u901f\u7f13\u51b2\u57ab\u4e2d\u5e2e\u52a9\u7403\u5458\u5ef6\u957f\u624b\u80f6\u4f7f\u7528\u65f6\u95f4\uff0c\u4ece\u800c\u5ef6\u957f\u4f7f\u7528\u5bff\u547d\u3002<\/p>\n\n\n\n<p>\u9664\u4e86\u8fd9\u4e9b\u4ee5\u5916 Prokennex \u7fbd\u6bdb\u7403\u8584\u6b3e\u624b\u80f6\u4e3a\u559c\u6b22\u4fd7\u6c14\u611f\u89c9\u548c\u5b8c\u5168\u5b89\u5168\u7684\u73a9\u5bb6\u5b9a\u5236\uff0c\u4ee5\u66f4\u597d\u5730\u63a7\u5236\u60a8\u7684\u6e38\u620f\u3002<\/p>\n\n\n\n<p>Pro Kennex \u7fbd\u6bdb\u7403\u8584\u6b3e\u624b\u80f6\u53ef\u4ee5\u8986\u76d6\u5bf9\u6539\u53d8\u7fbd\u6bdb\u7403\u624b\u80f6\u6709\u9ad8\u9700\u6c42\u7684\u7403\u5458\uff0c\u65b0\u7684\u5feb\u5e72\u6280\u672f\u80fd\u591f\u5e2e\u52a9\u6240\u6709\u7403\u5458\u5728\u4ed6\u4eec\u7684\u7fbd\u6bdb\u7403\u751f\u6daf\u4e2d\u7701\u94b1\u3002<\/p>\n\n\n\n<p>\u8584\u6b3e\u624b\u80f6\u53ef\u4ee5\u5e2e\u52a9\u559c\u6b22\u624b\u638c\u7ec6\u7684\u73a9\u5bb6\uff0c\u5305\u62ecYonex AC102\u5728\u5185\u7684\u5927\u591a\u6570\u73a9\u5bb6\u90fd\u559c\u6b22\u7c98\u6027\u624b\u80f6\u3002<\/p>\n\n\n\n<p>\u5982\u679c\u8d28\u91cf\u505a\u5f97\u4e0d\u597d\u5e76\u4e14\u624b\u80f6\u4e0d\u9632\u6ed1\uff0c\u7fbd\u6bdb\u7403\u8584\u6b3e\u624b\u80f6\u4f1a\u5f71\u54cd\u60a8\u7684\u6253\u7403\u611f\u89c9\u3002<\/p>\n\n<\/div><\/div><\/div>\n<\/div>\n<\/div><\/div>\n\n<div class=\"gb-container gb-container-2b4c40a5\"><div class=\"gb-inside-container\">\n<div class=\"gb-grid-wrapper gb-grid-wrapper-70c353ac\">\n<div class=\"gb-grid-column gb-grid-column-f76f315d\"><div class=\"gb-container gb-container-f76f315d\"><div class=\"gb-inside-container\">\n<div class=\"gb-container gb-container-e53a207e\"><div class=\"gb-inside-container\">\n\n<figure class=\"gb-block-image gb-block-image-ac4c1e0f\"><img decoding=\"async\" width=\"538\" height=\"538\" class=\"gb-image gb-image-ac4c1e0f\" src=\"https:\/\/errbadmintonrestring.my\/wp-content\/uploads\/2018\/08\/Tacky-Overgrip-Badminton-Overgrip-Pro-kennex-Singapore.jpg\" alt=\"\u7c98\u6027\u624b\u80f6\u7fbd\u6bdb\u7403\u8584\u6b3e\u624b\u80f6 Prokennex \u5409\u9686\u5761KL\u4e13\u4e1a\u7a7f\u7ebf\u670d\u52a1\u8ba4\u8bc1\u7a7f\u7ebf\u5e08 ERR \u7403\u62cd\u91cd\u65b0\u7a7f\u7ebf 2024\" title=\"\u7c98\u6027\u624b\u80f6\u7fbd\u6bdb\u7403\u8584\u6b3e\u624b\u80f6 Prokennex \u5409\u9686\u5761KL\u4e13\u4e1a\u7a7f\u7ebf\u670d\u52a1\u8ba4\u8bc1\u7a7f\u7ebf\u5e08 ERR \u7403\u62cd\u91cd\u65b0\u7a7f\u7ebf 2024\" srcset=\"https:\/\/errbadmintonrestring.my\/wp-content\/uploads\/2018\/08\/Tacky-Overgrip-Badminton-Overgrip-Pro-kennex-Singapore.jpg 538w, https:\/\/errbadmintonrestring.my\/wp-content\/uploads\/2018\/08\/Tacky-Overgrip-Badminton-Overgrip-Pro-kennex-Singapore-500x500.jpg 500w, https:\/\/errbadmintonrestring.my\/wp-content\/uploads\/2018\/08\/Tacky-Overgrip-Badminton-Overgrip-Pro-kennex-Singapore-100x100.jpg 100w, https:\/\/errbadmintonrestring.my\/wp-content\/uploads\/2018\/08\/Tacky-Overgrip-Badminton-Overgrip-Pro-kennex-Singapore-150x150.jpg 150w, https:\/\/errbadmintonrestring.my\/wp-content\/uploads\/2018\/08\/Tacky-Overgrip-Badminton-Overgrip-Pro-kennex-Singapore-300x300.jpg 300w\" sizes=\"(max-width: 538px) 100vw, 538px\" \/><\/figure>\n\n<\/div><\/div>\n<\/div><\/div><\/div>\n\n<div class=\"gb-grid-column gb-grid-column-6e21eb64\"><div class=\"gb-container gb-container-6e21eb64\"><div class=\"gb-inside-container\">\n\n<h2 class=\"gb-headline gb-headline-d92c2689 gb-headline-text\"><span class=\"ez-toc-section\" id=\"ERR_%E7%BE%BD%E6%AF%9B%E7%90%83%E7%A9%BF%E7%BA%BF%E5%90%89%E9%9A%86%E5%9D%A1_KL_%E7%94%A8%E4%BA%8E%E7%BE%BD%E6%AF%9B%E7%90%83%E7%9A%84%E8%96%84%E6%AC%BE%E6%89%8B%E8%83%B6\"><\/span><strong><strong><strong>ERR \u7fbd\u6bdb\u7403\u7a7f\u7ebf\u5409\u9686\u5761 KL \u7528\u4e8e\u7fbd\u6bdb\u7403\u7684\u8584\u6b3e\u624b\u80f6<\/strong><\/strong><\/strong><span class=\"ez-toc-section-end\"><\/span><\/h2>\n\n\n\n<p>\u5bf9\u4e8e\u4e1a\u4f59\u8584\u6b3e\u624b\u80f6\uff0c\u4ed6\u4eec\u559c\u6b22\u4f7f\u7528\u7c98\u6027\u624b\u80f6\uff0c\u5e76\u4e14\u4e0d\u4f1a\u592a\u96be\u7f20\u7ed5\u548c\u4f24\u5bb3\u7684\u624b\u67c4\u3002<\/p>\n\n\n\n<p><a href=\"https:\/\/errbadmintonrestring.my\/zh-hans\/pu330-badminton-grip\/\"><strong>ProKennex<\/strong><\/a> \u7fbd\u6bdb\u7403\u8584\u6b3e\u624b\u80f6\u7684\u597d\u5904\u662f\u8d28\u91cf\u66f4\u9ad8\uff0c\u66f4\u4fd7\u6c14\u548c\u6f6e\u6e7f\u7684\u611f\u89c9\uff0c\u4ee5\u786e\u4fdd\u6240\u6709\u7fbd\u6bdb\u7403\u8fd0\u52a8\u5458\u90fd\u80fd\u5b89\u5168\u5730\u4eab\u53d7\u6bd4\u8d5b\u3002<\/p>\n\n\n\n<p>\u5927\u591a\u6570\u7fbd\u6bdb\u7403\u8584\u6b3e\u624b\u80f6\u4e00\u751f\u6700\u591a2\u5c0f\u65f6\u6253\u74033-4\u6b21\u4e14\u4e0d\u5f97\u4e0d\u6362\u3002\u5c24\u5176\u662f\u5bf9\u4e8e\u4e1a\u4f59\u7403\u5458\u6765\u8bf4\uff0c\u8584\u6b3e\u624b\u80f6\u53d8\u5f97\u53c8\u810f\u53c8\u6ed1\u53c8\u81ed\u3002<\/p>\n\n\n\n<p>\u7ecf\u8fc7\u6d4b\u8bd5 ProKennex \u7fbd\u6bdb\u7403\u8584\u6b3e\u624b\u80f6\u8ddd\u4e0e\u5176\u4ed6\u8fc7\u63e1\u8ddd\u76f8\u6bd4\u81f3\u5c11\u53ef\u4ee5\u8fbe\u5230 6-8 \u500d\u3002<\/p>\n\n\n\n<p>\u800ckarakal\u8fd9\u4e2a\u6765\u81ea\u82f1\u56fd\u7684\u54c1\u724c\uff0c\u8d28\u91cf\u582a\u79f0\u4e16\u754c\u7b2c\u4e00\u7684\u7fbd\u6bdb\u7403\u62cd\u7684\u624b\u80f6\u3002 \u5f53\u6211\u4eec\u5728\u4f7f\u7528 Karakal \u624b\u80f6\u4e4b\u540e\u5c1d\u8bd5\u5176\u4ed6\u54c1\u724c\u7684\u624b\u80f6\u65f6\u80af\u5b9a\u4f1a\u53d1\u73b0\u4e0d\u540c\u3002<\/p>\n\n\n\n<p>T903 \u624b\u80f6\u7684\u7279\u522b\u4e4b\u5904\u5728\u4e8e\u5176\u7c98\u6027\u8868\u9762\u548c\u900f\u6c14\u8bbe\u8ba1\u3002<\/p>\n\n<\/div><\/div><\/div>\n<\/div>\n<\/div><\/div>\n\n<div class=\"gb-container gb-container-e3db6fb8\"><div class=\"gb-inside-container\">\n<div class=\"gb-grid-wrapper gb-grid-wrapper-67454dad\">\n<div class=\"gb-grid-column gb-grid-column-e00faf54\"><div class=\"gb-container gb-container-e00faf54\"><div class=\"gb-inside-container\">\n<div class=\"gb-container gb-container-c001ca66\"><div class=\"gb-inside-container\">\n\n<figure class=\"gb-block-image gb-block-image-1034eed5\"><a href=\"https:\/\/g.page\/Badminton-Restringing-Jurong-ERR\" target=\"_blank\" rel=\"noopener noreferrer\"><img decoding=\"async\" width=\"538\" height=\"538\" class=\"gb-image gb-image-1034eed5\" src=\"https:\/\/errbadmintonrestring.my\/wp-content\/uploads\/2023\/03\/Badminton-Overgrip-Tacky-OverGrip-Singapore-T903-ERR-Badminton-Restring.jpg\" alt=\"\u7fbd\u6bdb\u7403\u8584\u6b3e\u624b\u80f6\u5409\u9686\u5761KL T903 ERR \u7fbd\u6bdb\u7403\u7a7f\u7ebf\u5e08\u4e13\u4e1a\u7a7f\u7ebf\u670d\u52a1\u8ba4\u8bc1\u7a7f\u7ebf\u5e08 ERR \u7403\u62cd\u7a7f\u7ebf\u5e08 2024\" title=\"\u7fbd\u6bdb\u7403\u8584\u6b3e\u624b\u80f6\u5409\u9686\u5761KL T903 ERR \u7fbd\u6bdb\u7403\u7a7f\u7ebf\u5e08\u4e13\u4e1a\u7a7f\u7ebf\u670d\u52a1\u8ba4\u8bc1\u7a7f\u7ebf\u5e08 ERR \u7403\u62cd\u7a7f\u7ebf\u5e08 2024\" srcset=\"https:\/\/errbadmintonrestring.my\/wp-content\/uploads\/2023\/03\/Badminton-Overgrip-Tacky-OverGrip-Singapore-T903-ERR-Badminton-Restring.jpg 538w, https:\/\/errbadmintonrestring.my\/wp-content\/uploads\/2023\/03\/Badminton-Overgrip-Tacky-OverGrip-Singapore-T903-ERR-Badminton-Restring-300x300.jpg 300w, https:\/\/errbadmintonrestring.my\/wp-content\/uploads\/2023\/03\/Badminton-Overgrip-Tacky-OverGrip-Singapore-T903-ERR-Badminton-Restring-150x150.jpg 150w\" sizes=\"(max-width: 538px) 100vw, 538px\" \/><\/a><\/figure>\n\n<\/div><\/div>\n<\/div><\/div><\/div>\n\n<div class=\"gb-grid-column gb-grid-column-f912efe1\"><div class=\"gb-container gb-container-f912efe1\"><div class=\"gb-inside-container\">\n\n<h2 class=\"gb-headline gb-headline-3370f862 gb-headline-text\"><span class=\"ez-toc-section\" id=\"Prokennex_Overgrip_T903_%E6%8F%8F%E8%BF%B0\"><\/span><strong><strong><strong><strong><strong><strong><strong><strong><strong><strong><strong><strong><strong><strong><strong><strong><strong>Prokennex Overgrip T903 \u63cf\u8ff0<\/strong><\/strong><\/strong><\/strong><\/strong><\/strong><\/strong><\/strong><\/strong><\/strong><\/strong><\/strong><\/strong><\/strong><\/strong><\/strong><\/strong><span class=\"ez-toc-section-end\"><\/span><\/h2>\n\n\n\n<p>\u54c1\u724c :&nbsp;\u8584\u6b3e\u624b\u80f6<\/p>\n\n\n\n<p>\u578b\u53f7\uff1aT903<\/p>\n\n\n\n<p>\u63cf\u8ff0\uff1a\u539a\u5b9e\u548c\u826f\u597d\u7684\u7f13\u51b2\uff0c\u7c98\u6027\u66f4\u67d4\u8f6f<\/p>\n\n\n\n<p>\u9002\u5408\uff1a\u4e1a\u4f59\u3001\u4e13\u4e1a\u3001\u65b0\u624b\u3001\u9ad8\u6c34\u5e73\u7403\u5458<\/p>\n\n\n\n<p>\u989c\u8272\uff1a\u6df1\u7d2b\u8272\u3001\u4eae\u6a59\u8272\u3001\u767d\u8272\u3001\u67d1\u6a58\u9ec4\u3001\u9152\u7ea2\u8272\u3001\u6df1\u84dd\u8272\u3001\u7c89\u7c89\u8272\u3001\u51b7\u9ed1\u8272 Y\u00e1ns\u00e8: Sh\u0113n z\u01d0s\u00e8, li\u00e0ng ch\u00e9ngs\u00e8,<\/p>\n\n\n\n<p>\u5bbd\u5ea6\uff1a25 \u6beb\u7c73<\/p>\n\n\n\n<p>\u957f\u5ea6\uff1a1200 \u6beb\u7c73<\/p>\n\n\n\n<p>\u539a\u5ea6\uff1a0.72mm<\/p>\n\n\n\n<p>\u6750\u6599\uff1a\u805a\u6c28\u916f\uff08\u8d85\u8f6f\u548c\u7c98\u6027\uff09<\/p>\n\n<\/div><\/div><\/div>\n<\/div>\n<\/div><\/div>\n\n<div class=\"gb-container gb-container-65d36fd1\"><div class=\"gb-inside-container\">\n<div class=\"gb-grid-wrapper gb-grid-wrapper-40a8c12c\">\n<div class=\"gb-grid-column gb-grid-column-2c5711e3\"><div class=\"gb-container gb-container-2c5711e3\"><div class=\"gb-inside-container\">\n<div class=\"gb-container gb-container-31f59b54\"><div class=\"gb-inside-container\">\n\n<figure class=\"gb-block-image gb-block-image-6dde2361\"><a href=\"https:\/\/maps.app.goo.gl\/dLKJ1fGxSBHfmu978\" rel=\"noopener\"><img decoding=\"async\" width=\"538\" height=\"538\" class=\"gb-image gb-image-6dde2361\" src=\"https:\/\/errbadmintonrestring.my\/wp-content\/uploads\/2023\/10\/\u7531ERR\u4e13\u4e1a\u7fbd\u6bdb\u7403\u62cd\u7a7f\u7ebf\u9a6c\u6765\u897f\u4e9a\u5728Melati-Utama\u63d0\u4f9b\u7684\u4f18\u8d28\u7fbd\u6bdb\u7403\u62cd\u7a7f\u7ebfKL.jpg\" alt=\"\u7531ERR\u4e13\u4e1a\u7fbd\u6bdb\u7403\u62cd\u7a7f\u7ebf\u9a6c\u6765\u897f\u4e9a\u5728Melati Utama\u63d0\u4f9b\u7684\u4f18\u8d28\u7fbd\u6bdb\u7403\u62cd\u7a7f\u7ebfKL\" title=\"\u7531ERR\u4e13\u4e1a\u7fbd\u6bdb\u7403\u62cd\u7a7f\u7ebf\u9a6c\u6765\u897f\u4e9a\u5728Melati Utama\u63d0\u4f9b\u7684\u4f18\u8d28\u7fbd\u6bdb\u7403\u62cd\u7a7f\u7ebfKL\" srcset=\"https:\/\/errbadmintonrestring.my\/wp-content\/uploads\/2023\/10\/\u7531ERR\u4e13\u4e1a\u7fbd\u6bdb\u7403\u62cd\u7a7f\u7ebf\u9a6c\u6765\u897f\u4e9a\u5728Melati-Utama\u63d0\u4f9b\u7684\u4f18\u8d28\u7fbd\u6bdb\u7403\u62cd\u7a7f\u7ebfKL.jpg 538w, https:\/\/errbadmintonrestring.my\/wp-content\/uploads\/2023\/10\/\u7531ERR\u4e13\u4e1a\u7fbd\u6bdb\u7403\u62cd\u7a7f\u7ebf\u9a6c\u6765\u897f\u4e9a\u5728Melati-Utama\u63d0\u4f9b\u7684\u4f18\u8d28\u7fbd\u6bdb\u7403\u62cd\u7a7f\u7ebfKL-300x300.jpg 300w, https:\/\/errbadmintonrestring.my\/wp-content\/uploads\/2023\/10\/\u7531ERR\u4e13\u4e1a\u7fbd\u6bdb\u7403\u62cd\u7a7f\u7ebf\u9a6c\u6765\u897f\u4e9a\u5728Melati-Utama\u63d0\u4f9b\u7684\u4f18\u8d28\u7fbd\u6bdb\u7403\u62cd\u7a7f\u7ebfKL-150x150.jpg 150w\" sizes=\"(max-width: 538px) 100vw, 538px\" \/><\/a><\/figure>\n\n<\/div><\/div>\n<\/div><\/div><\/div>\n\n<div class=\"gb-grid-column gb-grid-column-c954a2af\"><div class=\"gb-container gb-container-c954a2af\"><div class=\"gb-inside-container\">\n\n<h2 class=\"gb-headline gb-headline-3bdc2de3 gb-headline-text\"><span class=\"ez-toc-section\" id=\"%E5%93%AA%E9%87%8C%E5%8F%AF%E4%BB%A5%E4%B9%B0%E5%88%B0%E7%BE%BD%E6%AF%9B%E7%90%83%E6%89%8B%E8%83%B6%EF%BC%9F\"><\/span><strong><strong><strong><strong><strong><strong><strong><strong><strong><strong><strong><strong><strong><strong><strong>\u54ea\u91cc\u53ef\u4ee5\u4e70\u5230\u7fbd\u6bdb\u7403\u624b\u80f6\uff1f<\/strong><\/strong><\/strong><\/strong><\/strong><\/strong><\/strong><\/strong><\/strong><\/strong><\/strong><\/strong><\/strong><\/strong><\/strong><span class=\"ez-toc-section-end\"><\/span><\/h2>\n\n\n\n<p><strong>\u524d\u5f80Shopee\u7f51\u5e97\u8d2d\u4e70\uff01<\/strong><\/p>\n\n\n\n<p><a href=\"https:\/\/shopee.my\/racketrestringerr\" rel=\"noopener\"><strong>https:\/\/shopee.my\/racketrestringerr<\/strong><\/a><\/p>\n\n\n\n<p><strong>\u5e38\u89c1\u95ee\u9898\u4e0e\u89e3\u7b54<\/strong><\/p>\n\n\n\n<p><strong>\u53ef\u4ee5\u81ea\u53d6\u5417\uff1f<\/strong><br>\u4e0d\u5e78\u7684\u662f\uff0c\u6211\u4eec\u76ee\u524d\u65e0\u6cd5\u63d0\u4f9b\u81ea\u53d6\u670d\u52a1\uff0c\u56e0\u4e3a\u6211\u4eec\u7684\u4e13\u4e1a\u7a7f\u7ebf\u5e08\u662f\u4f4d\u7fbd\u6bdb\u7403\u6559\u7ec3\uff0c\u65e5\u7a0b\u5b89\u6392\u5f97\u5f88\u6ee1\u3002<\/p>\n\n\n\n<p>\u76ee\u524d\uff0c\u6211\u4eec\u4e3b\u8981\u4e13\u6ce8\u4e8e\u63d0\u4f9b\u4e13\u4e1a\u7684\u7fbd\u6bdb\u7403\u7a7f\u7ebf\u670d\u52a1\uff0c\u5356\u624b\u80f6\u53ea\u662f\u6211\u4eec\u7a7f\u7ebf\u4ea7\u54c1\u7684\u4e00\u4e2a\u5c0f\u65b9\u9762\u3002<\/p>\n\n<\/div><\/div><\/div>\n<\/div>\n<\/div><\/div>","protected":false},"excerpt":{"rendered":"","protected":false},"author":1,"featured_media":34118,"parent":0,"menu_order":0,"comment_status":"closed","ping_status":"closed","template":"","meta":{"footnotes":""},"class_list":{"0":"post-43019","1":"page","2":"type-page","3":"status-publish","4":"has-post-thumbnail","6":"infinite-scroll-item"},"_links":{"self":[{"href":"https:\/\/errbadmintonrestring.my\/zh-hans\/wp-json\/wp\/v2\/pages\/43019","targetHints":{"allow":["GET"]}}],"collection":[{"href":"https:\/\/errbadmintonrestring.my\/zh-hans\/wp-json\/wp\/v2\/pages"}],"about":[{"href":"https:\/\/errbadmintonrestring.my\/zh-hans\/wp-json\/wp\/v2\/types\/page"}],"author":[{"embeddable":true,"href":"https:\/\/errbadmintonrestring.my\/zh-hans\/wp-json\/wp\/v2\/users\/1"}],"replies":[{"embeddable":true,"href":"https:\/\/errbadmintonrestring.my\/zh-hans\/wp-json\/wp\/v2\/comments?post=43019"}],"version-history":[{"count":0,"href":"https:\/\/errbadmintonrestring.my\/zh-hans\/wp-json\/wp\/v2\/pages\/43019\/revisions"}],"wp:featuredmedia":[{"embeddable":true,"href":"https:\/\/errbadmintonrestring.my\/zh-hans\/wp-json\/wp\/v2\/media\/34118"}],"wp:attachment":[{"href":"https:\/\/errbadmintonrestring.my\/zh-hans\/wp-json\/wp\/v2\/media?parent=43019"}],"curies":[{"name":"wp","href":"https:\/\/api.w.org\/{rel}","templated":true}]}}